{"id":60,"date":"2026-03-18T13:41:17","date_gmt":"2026-03-18T12:41:17","guid":{"rendered":"https:\/\/www.deliver4it.com\/index.php\/contact\/"},"modified":"2026-03-19T13:58:02","modified_gmt":"2026-03-19T12:58:02","slug":"contact","status":"publish","type":"page","link":"https:\/\/www.deliver4it.com\/index.php\/contact\/","title":{"rendered":"Contact"},"content":{"rendered":"\t\t<div data-elementor-type=\"wp-page\" data-elementor-id=\"60\" class=\"elementor elementor-60\" data-elementor-post-type=\"page\">\n\t\t\t\t<div class=\"elementor-element elementor-element-46a9b583 e-flex e-con-boxed wpr-particle-no wpr-jarallax-no wpr-parallax-no wpr-sticky-section-no e-con e-parent\" data-id=\"46a9b583\" data-element_type=\"container\" data-e-type=\"container\">\n\t\t\t\t\t<div class=\"e-con-inner\">\n\t\t\t\t<div class=\"elementor-element elementor-element-23adf04a elementor-widget elementor-widget-text-editor\" data-id=\"23adf04a\" data-element_type=\"widget\" data-e-type=\"widget\" data-widget_type=\"text-editor.default\">\n\t\t\t\t\t\t\t\t\t<div style=\"background: linear-gradient(135deg, #0a1628 0%, #1a2d50 100%); color: #ffffff; padding: 100px 40px 80px; text-align: center;\"><p style=\"font-size: 14px; letter-spacing: 3px; text-transform: uppercase; color: #5ba4e6; margin-bottom: 16px;\">Contact<\/p><h1 style=\"font-size: 44px; font-weight: bold; max-width: 750px; margin: 0 auto 24px; line-height: 1.2;\">Parlons de votre contexte.<\/h1><p style=\"font-size: 18px; color: #b0c8e8; max-width: 640px; margin: 0 auto; line-height: 1.7;\">Que vous souhaitiez structurer votre gouvernance, optimiser votre delivery ou d\u00e9couvrir KoKPIt, nous sommes \u00e0 votre \u00e9coute.<\/p><\/div><p><!-- FORMULAIRE + INFOS --><\/p><div style=\"padding: 80px 40px; background: #ffffff;\"><div style=\"max-width: 1100px; margin: 0 auto; display: grid; grid-template-columns: 1fr 1fr; gap: 60px;\"><div><h2 style=\"font-size: 24px; font-weight: bold; color: #0a1628; margin-bottom: 8px;\">Demander une d\u00e9mo ou un \u00e9change<\/h2><p style=\"font-size: 15px; color: #6b7280; margin-bottom: 32px;\">Remplissez le formulaire ci-dessous et nous reviendrons vers vous sous 24h ouvr\u00e9es.<\/p><p><!-- NOTE : Ce formulaire est un placeholder HTML. Sur WordPress, utilisez le plugin WPForms ou Contact Form 7 pour cr\u00e9er un vrai formulaire fonctionnel. --><br \/>\n<div class=\"wpcf7 no-js\" id=\"wpcf7-f1408-o1\" lang=\"fr-FR\" dir=\"ltr\" data-wpcf7-id=\"1408\">\n<div class=\"screen-reader-response\"><p role=\"status\" aria-live=\"polite\" aria-atomic=\"true\"><\/p> <ul><\/ul><\/div>\n<form action=\"\/index.php\/wp-json\/wp\/v2\/pages\/60#wpcf7-f1408-o1\" method=\"post\" class=\"wpcf7-form init\" aria-label=\"Formulaire de contact\" novalidate=\"novalidate\" data-status=\"init\">\n<fieldset class=\"hidden-fields-container\"><input type=\"hidden\" name=\"_wpcf7\" value=\"1408\" \/><input type=\"hidden\" name=\"_wpcf7_version\" value=\"6.1.5\" \/><input type=\"hidden\" name=\"_wpcf7_locale\" value=\"fr_FR\" \/><input type=\"hidden\" name=\"_wpcf7_unit_tag\" value=\"wpcf7-f1408-o1\" \/><input type=\"hidden\" name=\"_wpcf7_container_post\" value=\"0\" \/><input type=\"hidden\" name=\"_wpcf7_posted_data_hash\" value=\"\" \/>\n<\/fieldset>\n<p><label> Votre nom<br \/>\n<span class=\"wpcf7-form-control-wrap\" data-name=\"your-name\"><input size=\"40\" maxlength=\"400\" class=\"wpcf7-form-control wpcf7-text wpcf7-validates-as-required\" autocomplete=\"name\" aria-required=\"true\" aria-invalid=\"false\" value=\"\" type=\"text\" name=\"your-name\" \/><\/span> <\/label>\n<\/p>\n<p><label> Votre e-mail<br \/>\n<span class=\"wpcf7-form-control-wrap\" data-name=\"your-email\"><input size=\"40\" maxlength=\"400\" class=\"wpcf7-form-control wpcf7-email wpcf7-validates-as-required wpcf7-text wpcf7-validates-as-email\" autocomplete=\"email\" aria-required=\"true\" aria-invalid=\"false\" value=\"\" type=\"email\" name=\"your-email\" \/><\/span> <\/label>\n<\/p>\n<p><label> Objet<br \/>\n<span class=\"wpcf7-form-control-wrap\" data-name=\"your-subject\"><input size=\"40\" maxlength=\"400\" class=\"wpcf7-form-control wpcf7-text wpcf7-validates-as-required\" aria-required=\"true\" aria-invalid=\"false\" value=\"\" type=\"text\" name=\"your-subject\" \/><\/span> <\/label>\n<\/p>\n<p><label> Votre message (facultatif)<br \/>\n<span class=\"wpcf7-form-control-wrap\" data-name=\"your-message\"><textarea cols=\"40\" rows=\"10\" maxlength=\"2000\" class=\"wpcf7-form-control wpcf7-textarea\" aria-invalid=\"false\" name=\"your-message\"><\/textarea><\/span> <\/label>\n<\/p>\n<p><input class=\"wpcf7-form-control wpcf7-submit has-spinner\" type=\"submit\" value=\"Envoyer\" \/>\n<\/p><div class=\"wpcf7-response-output\" aria-hidden=\"true\"><\/div>\n<\/form>\n<\/div>\n<\/p><p style=\"font-size: 13px; color: #9ca3af; margin-top: 16px;\"><img decoding=\"async\" class=\"emoji\" role=\"img\" draggable=\"false\" src=\"https:\/\/s.w.org\/images\/core\/emoji\/17.0.2\/svg\/1f4a1.svg\" alt=\"\ud83d\udca1\" \/> <em>Si le formulaire ne s&rsquo;affiche pas, installez le plugin WPForms ou Contact Form 7 et remplacez le shortcode ci-dessus par celui de votre formulaire.<\/em><\/p><\/div><p><!-- Colonne droite : informations --><\/p><div><div style=\"background: #f8fafc; border-radius: 12px; padding: 40px; border: 1px solid #e5e7eb; margin-bottom: 32px;\"><h3 style=\"font-size: 18px; font-weight: 600; color: #0a1628; margin-bottom: 20px;\">Nos coordonn\u00e9es<\/h3><div style=\"margin-bottom: 16px;\"><p style=\"font-size: 14px; font-weight: 600; color: #374151; margin-bottom: 4px;\"><img decoding=\"async\" class=\"emoji\" role=\"img\" draggable=\"false\" src=\"https:\/\/s.w.org\/images\/core\/emoji\/17.0.2\/svg\/1f4e7.svg\" alt=\"\ud83d\udce7\" \/> Email<\/p><p style=\"font-size: 15px; color: #2d7dd2;\">contact@deliver4it.com<\/p><\/div><div style=\"margin-bottom: 16px;\"><p style=\"font-size: 14px; font-weight: 600; color: #374151; margin-bottom: 4px;\"><img decoding=\"async\" class=\"emoji\" role=\"img\" draggable=\"false\" src=\"https:\/\/s.w.org\/images\/core\/emoji\/17.0.2\/svg\/1f310.svg\" alt=\"\ud83c\udf10\" \/> Site web<\/p><p style=\"font-size: 15px; color: #2d7dd2;\">www.deliver4it.com\/<\/p><\/div><div><p style=\"font-size: 14px; font-weight: 600; color: #374151; margin-bottom: 4px;\"><img decoding=\"async\" class=\"emoji\" role=\"img\" draggable=\"false\" src=\"https:\/\/s.w.org\/images\/core\/emoji\/17.0.2\/svg\/1f4bc.svg\" alt=\"\ud83d\udcbc\" \/> LinkedIn<\/p><p style=\"font-size: 15px; color: #2d7dd2;\">linkedin.com\/company\/deliver4it<\/p><\/div><\/div><div style=\"background: #0d3b66; border-radius: 12px; padding: 40px; color: #ffffff;\"><h3 style=\"font-size: 18px; font-weight: 600; margin-bottom: 16px;\">Ce que vous pouvez attendre<\/h3><ul style=\"list-style: none; padding: 0;\"><li style=\"padding: 8px 0; font-size: 15px; color: rgba(255,255,255,0.9);\"><img decoding=\"async\" class=\"emoji\" role=\"img\" draggable=\"false\" src=\"https:\/\/s.w.org\/images\/core\/emoji\/17.0.2\/svg\/2705.svg\" alt=\"\u2705\" \/> R\u00e9ponse sous 24h ouvr\u00e9es<\/li><li style=\"padding: 8px 0; font-size: 15px; color: rgba(255,255,255,0.9);\"><img decoding=\"async\" class=\"emoji\" role=\"img\" draggable=\"false\" src=\"https:\/\/s.w.org\/images\/core\/emoji\/17.0.2\/svg\/2705.svg\" alt=\"\u2705\" \/> D\u00e9mo personnalis\u00e9e de KoKPIt<\/li><li style=\"padding: 8px 0; font-size: 15px; color: rgba(255,255,255,0.9);\"><img decoding=\"async\" class=\"emoji\" role=\"img\" draggable=\"false\" src=\"https:\/\/s.w.org\/images\/core\/emoji\/17.0.2\/svg\/2705.svg\" alt=\"\u2705\" \/> Diagnostic gratuit de votre contexte<\/li><li style=\"padding: 8px 0; font-size: 15px; color: rgba(255,255,255,0.9);\"><img decoding=\"async\" class=\"emoji\" role=\"img\" draggable=\"false\" src=\"https:\/\/s.w.org\/images\/core\/emoji\/17.0.2\/svg\/2705.svg\" alt=\"\u2705\" \/> Proposition adapt\u00e9e \u00e0 vos enjeux<\/li><\/ul><\/div><\/div><\/div><\/div>\t\t\t\t\t\t\t\t<\/div>\n\t\t\t\t\t<\/div>\n\t\t\t\t<\/div>\n\t\t\t\t<\/div>\n\t\t","protected":false},"excerpt":{"rendered":"<p>Contact Parlons de votre contexte. Que vous souhaitiez structurer votre gouvernance, optimiser votre delivery ou d\u00e9couvrir KoKPIt, nous sommes \u00e0 votre \u00e9coute. Demander une d\u00e9mo ou un \u00e9change Remplissez le formulaire ci-dessous et nous reviendrons vers vous sous 24h ouvr\u00e9es. Si le formulaire ne s&rsquo;affiche pas, installez le plugin WPForms ou Contact Form 7 et remplacez le shortcode ci-dessus par celui de votre formulaire. Nos coordonn\u00e9es Email contact@deliver4it.com Site web www.deliver4it.com\/ LinkedIn linkedin.com\/company\/deliver4it Ce que vous pouvez attendre R\u00e9ponse sous 24h ouvr\u00e9es D\u00e9mo personnalis\u00e9e de KoKPIt Diagnostic gratuit de votre contexte Proposition adapt\u00e9e \u00e0 vos enjeux<\/p>\n","protected":false},"author":1,"featured_media":0,"parent":0,"menu_order":5,"comment_status":"closed","ping_status":"closed","template":"","meta":{"footnotes":""},"class_list":["post-60","page","type-page","status-publish","hentry"],"_links":{"self":[{"href":"https:\/\/www.deliver4it.com\/index.php\/wp-json\/wp\/v2\/pages\/60","targetHints":{"allow":["GET"]}}],"collection":[{"href":"https:\/\/www.deliver4it.com\/index.php\/wp-json\/wp\/v2\/pages"}],"about":[{"href":"https:\/\/www.deliver4it.com\/index.php\/wp-json\/wp\/v2\/types\/page"}],"author":[{"embeddable":true,"href":"https:\/\/www.deliver4it.com\/index.php\/wp-json\/wp\/v2\/users\/1"}],"replies":[{"embeddable":true,"href":"https:\/\/www.deliver4it.com\/index.php\/wp-json\/wp\/v2\/comments?post=60"}],"version-history":[{"count":18,"href":"https:\/\/www.deliver4it.com\/index.php\/wp-json\/wp\/v2\/pages\/60\/revisions"}],"predecessor-version":[{"id":1484,"href":"https:\/\/www.deliver4it.com\/index.php\/wp-json\/wp\/v2\/pages\/60\/revisions\/1484"}],"wp:attachment":[{"href":"https:\/\/www.deliver4it.com\/index.php\/wp-json\/wp\/v2\/media?parent=60"}],"curies":[{"name":"wp","href":"https:\/\/api.w.org\/{rel}","templated":true}]}}